{"id":839,"date":"2018-12-11T15:59:14","date_gmt":"2018-12-11T15:59:14","guid":{"rendered":"https:\/\/vitallybones.com.br\/?post_type=product&#038;p=839"},"modified":"2018-12-11T15:59:14","modified_gmt":"2018-12-11T15:59:14","slug":"necessaire-promocional-personalizada","status":"publish","type":"product","link":"https:\/\/vitallybones.com.br\/website\/produto\/necessaire-promocional-personalizada\/","title":{"rendered":"Necessaire Promocional Personalizada"},"content":{"rendered":"","protected":false},"excerpt":{"rendered":"<p>Necessaire Promocional Personalizada Confeccionada em nylon 600, com al\u00e7a de m\u00e3o em nylon 600, fechamento em z\u00edper.\u00a0Tamanho (22X10X9) .<\/p>\n","protected":false},"featured_media":840,"comment_status":"open","ping_status":"closed","template":"","meta":[],"class_list":{"0":"post-839","1":"product","2":"type-product","3":"status-publish","4":"has-post-thumbnail","6":"product_cat-necessaires-sacolas-e-bolsas","7":"entry","8":"has-media","11":"first","12":"instock","13":"shipping-taxable","14":"purchasable","15":"product-type-simple","16":"has-product-nav","17":"col","18":"span_1_of_4","19":"owp-content-left","20":"item-entry","21":"owp-thumbs-layout-vertical","22":"owp-btn-normal","23":"owp-tabs-layout-section","24":"has-no-thumbnails"},"_links":{"self":[{"href":"https:\/\/vitallybones.com.br\/website\/wp-json\/wp\/v2\/product\/839","targetHints":{"allow":["GET"]}}],"collection":[{"href":"https:\/\/vitallybones.com.br\/website\/wp-json\/wp\/v2\/product"}],"about":[{"href":"https:\/\/vitallybones.com.br\/website\/wp-json\/wp\/v2\/types\/product"}],"replies":[{"embeddable":true,"href":"https:\/\/vitallybones.com.br\/website\/wp-json\/wp\/v2\/comments?post=839"}],"wp:featuredmedia":[{"embeddable":true,"href":"https:\/\/vitallybones.com.br\/website\/wp-json\/wp\/v2\/media\/840"}],"wp:attachment":[{"href":"https:\/\/vitallybones.com.br\/website\/wp-json\/wp\/v2\/media?parent=839"}],"curies":[{"name":"wp","href":"https:\/\/api.w.org\/{rel}","templated":true}]}}