{"id":829,"date":"2018-12-11T15:32:57","date_gmt":"2018-12-11T15:32:57","guid":{"rendered":"https:\/\/vitallybones.com.br\/?post_type=product&#038;p=829"},"modified":"2018-12-11T15:33:37","modified_gmt":"2018-12-11T15:33:37","slug":"sacola-promocional-personalizado-2","status":"publish","type":"product","link":"https:\/\/vitallybones.com.br\/website\/produto\/sacola-promocional-personalizado-2\/","title":{"rendered":"Sacola Promocional Personalizado"},"content":{"rendered":"","protected":false},"excerpt":{"rendered":"<p>Sacola retorn\u00e1vel ,Confecciona em\u00a0 brim 100% algod\u00e3o ,Al\u00e7as cadar\u00e7o colorido ou do pr\u00f3prio tecido (40x35x10)<\/p>\n","protected":false},"featured_media":830,"comment_status":"open","ping_status":"closed","template":"","meta":[],"class_list":{"0":"post-829","1":"product","2":"type-product","3":"status-publish","4":"has-post-thumbnail","6":"product_cat-necessaires-sacolas-e-bolsas","7":"entry","8":"has-media","11":"first","12":"instock","13":"shipping-taxable","14":"purchasable","15":"product-type-simple","16":"has-product-nav","17":"col","18":"span_1_of_4","19":"owp-content-left","20":"item-entry","21":"owp-thumbs-layout-vertical","22":"owp-btn-normal","23":"owp-tabs-layout-section","24":"has-no-thumbnails"},"_links":{"self":[{"href":"https:\/\/vitallybones.com.br\/website\/wp-json\/wp\/v2\/product\/829","targetHints":{"allow":["GET"]}}],"collection":[{"href":"https:\/\/vitallybones.com.br\/website\/wp-json\/wp\/v2\/product"}],"about":[{"href":"https:\/\/vitallybones.com.br\/website\/wp-json\/wp\/v2\/types\/product"}],"replies":[{"embeddable":true,"href":"https:\/\/vitallybones.com.br\/website\/wp-json\/wp\/v2\/comments?post=829"}],"wp:featuredmedia":[{"embeddable":true,"href":"https:\/\/vitallybones.com.br\/website\/wp-json\/wp\/v2\/media\/830"}],"wp:attachment":[{"href":"https:\/\/vitallybones.com.br\/website\/wp-json\/wp\/v2\/media?parent=829"}],"curies":[{"name":"wp","href":"https:\/\/api.w.org\/{rel}","templated":true}]}}