{"id":821,"date":"2018-12-11T15:24:53","date_gmt":"2018-12-11T15:24:53","guid":{"rendered":"https:\/\/vitallybones.com.br\/?post_type=product&#038;p=821"},"modified":"2018-12-11T15:25:14","modified_gmt":"2018-12-11T15:25:14","slug":"sacola-promocional-personalizado","status":"publish","type":"product","link":"https:\/\/vitallybones.com.br\/website\/produto\/sacola-promocional-personalizado\/","title":{"rendered":"Sacola Promocional Personalizado"},"content":{"rendered":"","protected":false},"excerpt":{"rendered":"<p>Mochila saco ,Confeccionada em microfibra, ou brim ,Ilh\u00f3s com arruela ,Cord\u00e3o estilo s\u00e3o Francisco rr 4\/2 (\u00a0 medidas 45&#215;34)<\/p>\n","protected":false},"featured_media":822,"comment_status":"open","ping_status":"closed","template":"","meta":[],"class_list":{"0":"post-821","1":"product","2":"type-product","3":"status-publish","4":"has-post-thumbnail","6":"product_cat-necessaires-sacolas-e-bolsas","7":"entry","8":"has-media","11":"first","12":"instock","13":"shipping-taxable","14":"purchasable","15":"product-type-simple","16":"has-product-nav","17":"col","18":"span_1_of_4","19":"owp-content-left","20":"item-entry","21":"owp-thumbs-layout-vertical","22":"owp-btn-normal","23":"owp-tabs-layout-section","24":"has-no-thumbnails"},"_links":{"self":[{"href":"https:\/\/vitallybones.com.br\/website\/wp-json\/wp\/v2\/product\/821","targetHints":{"allow":["GET"]}}],"collection":[{"href":"https:\/\/vitallybones.com.br\/website\/wp-json\/wp\/v2\/product"}],"about":[{"href":"https:\/\/vitallybones.com.br\/website\/wp-json\/wp\/v2\/types\/product"}],"replies":[{"embeddable":true,"href":"https:\/\/vitallybones.com.br\/website\/wp-json\/wp\/v2\/comments?post=821"}],"wp:featuredmedia":[{"embeddable":true,"href":"https:\/\/vitallybones.com.br\/website\/wp-json\/wp\/v2\/media\/822"}],"wp:attachment":[{"href":"https:\/\/vitallybones.com.br\/website\/wp-json\/wp\/v2\/media?parent=821"}],"curies":[{"name":"wp","href":"https:\/\/api.w.org\/{rel}","templated":true}]}}