{"id":785,"date":"2018-12-11T13:45:31","date_gmt":"2018-12-11T13:45:31","guid":{"rendered":"https:\/\/vitallybones.com.br\/?post_type=product&#038;p=785"},"modified":"2018-12-11T13:45:32","modified_gmt":"2018-12-11T13:45:32","slug":"bolsa-esporte","status":"publish","type":"product","link":"https:\/\/vitallybones.com.br\/website\/produto\/bolsa-esporte\/","title":{"rendered":"Bolsa Esporte"},"content":{"rendered":"","protected":false},"excerpt":{"rendered":"<p>Bolsa Esporte Promocional Personalizada Abertura em reta sem vivo, nylon 600, al\u00e7as de m\u00e3os em cadar\u00e7o, al\u00e7as ombros remov\u00edveis em cadar\u00e7o, bolso fole laterais, fechamentos em z\u00edper, com acabamentos internos.\u00a0Tamanho (46X24X22)<\/p>\n","protected":false},"featured_media":786,"comment_status":"open","ping_status":"closed","template":"","meta":[],"class_list":{"0":"post-785","1":"product","2":"type-product","3":"status-publish","4":"has-post-thumbnail","6":"product_cat-necessaires-sacolas-e-bolsas","7":"entry","8":"has-media","11":"first","12":"instock","13":"shipping-taxable","14":"purchasable","15":"product-type-simple","16":"has-product-nav","17":"col","18":"span_1_of_4","19":"owp-content-left","20":"item-entry","21":"owp-thumbs-layout-vertical","22":"owp-btn-normal","23":"owp-tabs-layout-section","24":"has-no-thumbnails"},"_links":{"self":[{"href":"https:\/\/vitallybones.com.br\/website\/wp-json\/wp\/v2\/product\/785","targetHints":{"allow":["GET"]}}],"collection":[{"href":"https:\/\/vitallybones.com.br\/website\/wp-json\/wp\/v2\/product"}],"about":[{"href":"https:\/\/vitallybones.com.br\/website\/wp-json\/wp\/v2\/types\/product"}],"replies":[{"embeddable":true,"href":"https:\/\/vitallybones.com.br\/website\/wp-json\/wp\/v2\/comments?post=785"}],"wp:featuredmedia":[{"embeddable":true,"href":"https:\/\/vitallybones.com.br\/website\/wp-json\/wp\/v2\/media\/786"}],"wp:attachment":[{"href":"https:\/\/vitallybones.com.br\/website\/wp-json\/wp\/v2\/media?parent=785"}],"curies":[{"name":"wp","href":"https:\/\/api.w.org\/{rel}","templated":true}]}}