{"id":774,"date":"2018-12-11T13:25:55","date_gmt":"2018-12-11T13:25:55","guid":{"rendered":"https:\/\/vitallybones.com.br\/?post_type=product&#038;p=774"},"modified":"2018-12-11T13:25:55","modified_gmt":"2018-12-11T13:25:55","slug":"mochila-adventury-promocional","status":"publish","type":"product","link":"https:\/\/vitallybones.com.br\/website\/produto\/mochila-adventury-promocional\/","title":{"rendered":"Mochila Adventury Promocional"},"content":{"rendered":"","protected":false},"excerpt":{"rendered":"<p>Mochila Adventury Promocional Personalizada Confeccionada em nylon 600, com al\u00e7as duplas com regulagem, revestidas em iso-manta, al\u00e7a de m\u00e3o em cadar\u00e7o, bolso fole frontal, com detalhes em cord\u00e3o.\u00a0Tamanho (38X29X14)<\/p>\n","protected":false},"featured_media":775,"comment_status":"open","ping_status":"closed","template":"","meta":[],"class_list":{"0":"post-774","1":"product","2":"type-product","3":"status-publish","4":"has-post-thumbnail","6":"product_cat-necessaires-sacolas-e-bolsas","7":"entry","8":"has-media","11":"first","12":"instock","13":"shipping-taxable","14":"purchasable","15":"product-type-simple","16":"has-product-nav","17":"col","18":"span_1_of_4","19":"owp-content-left","20":"item-entry","21":"owp-thumbs-layout-vertical","22":"owp-btn-normal","23":"owp-tabs-layout-section","24":"has-no-thumbnails"},"_links":{"self":[{"href":"https:\/\/vitallybones.com.br\/website\/wp-json\/wp\/v2\/product\/774","targetHints":{"allow":["GET"]}}],"collection":[{"href":"https:\/\/vitallybones.com.br\/website\/wp-json\/wp\/v2\/product"}],"about":[{"href":"https:\/\/vitallybones.com.br\/website\/wp-json\/wp\/v2\/types\/product"}],"replies":[{"embeddable":true,"href":"https:\/\/vitallybones.com.br\/website\/wp-json\/wp\/v2\/comments?post=774"}],"wp:featuredmedia":[{"embeddable":true,"href":"https:\/\/vitallybones.com.br\/website\/wp-json\/wp\/v2\/media\/775"}],"wp:attachment":[{"href":"https:\/\/vitallybones.com.br\/website\/wp-json\/wp\/v2\/media?parent=774"}],"curies":[{"name":"wp","href":"https:\/\/api.w.org\/{rel}","templated":true}]}}