{"id":768,"date":"2018-12-11T12:14:15","date_gmt":"2018-12-11T12:14:15","guid":{"rendered":"https:\/\/vitallybones.com.br\/?post_type=product&#038;p=768"},"modified":"2018-12-11T12:14:26","modified_gmt":"2018-12-11T12:14:26","slug":"agasalho-promocional-personalizado-2","status":"publish","type":"product","link":"https:\/\/vitallybones.com.br\/website\/produto\/agasalho-promocional-personalizado-2\/","title":{"rendered":"Agasalho Promocional Personalizado"},"content":{"rendered":"","protected":false},"excerpt":{"rendered":"<p>Agasalho Promocional Personalizado , em Tac Tel, Micro Fibra ou Moletom.\u00a0Recortes nas mangas, ombros e cal\u00e7a. Bordado peito, costas e calca.\u00a0Bolso na Jaqueta e na Cal\u00e7a. Forrado em tecido perfurado sint\u00e9tico.\u00a0Sistema de ajustes na jaqueta e cal\u00e7a com el\u00e1stico e trava. C\u00f3s e punhos da cal\u00e7a com el\u00e1stico e 4 costuras.<\/p>\n","protected":false},"featured_media":769,"comment_status":"open","ping_status":"closed","template":"","meta":[],"class_list":{"0":"post-768","1":"product","2":"type-product","3":"status-publish","4":"has-post-thumbnail","6":"product_cat-jaquetas-moletons-e-agasalhos","7":"entry","8":"has-media","11":"first","12":"instock","13":"shipping-taxable","14":"purchasable","15":"product-type-simple","16":"has-product-nav","17":"col","18":"span_1_of_4","19":"owp-content-left","20":"item-entry","21":"owp-thumbs-layout-vertical","22":"owp-btn-normal","23":"owp-tabs-layout-section","24":"has-no-thumbnails"},"_links":{"self":[{"href":"https:\/\/vitallybones.com.br\/website\/wp-json\/wp\/v2\/product\/768","targetHints":{"allow":["GET"]}}],"collection":[{"href":"https:\/\/vitallybones.com.br\/website\/wp-json\/wp\/v2\/product"}],"about":[{"href":"https:\/\/vitallybones.com.br\/website\/wp-json\/wp\/v2\/types\/product"}],"replies":[{"embeddable":true,"href":"https:\/\/vitallybones.com.br\/website\/wp-json\/wp\/v2\/comments?post=768"}],"wp:featuredmedia":[{"embeddable":true,"href":"https:\/\/vitallybones.com.br\/website\/wp-json\/wp\/v2\/media\/769"}],"wp:attachment":[{"href":"https:\/\/vitallybones.com.br\/website\/wp-json\/wp\/v2\/media?parent=768"}],"curies":[{"name":"wp","href":"https:\/\/api.w.org\/{rel}","templated":true}]}}