{"id":762,"date":"2018-12-11T12:07:17","date_gmt":"2018-12-11T12:07:17","guid":{"rendered":"https:\/\/vitallybones.com.br\/?post_type=product&#038;p=762"},"modified":"2018-12-11T12:07:17","modified_gmt":"2018-12-11T12:07:17","slug":"jaqueta-personalizada-promocional-4","status":"publish","type":"product","link":"https:\/\/vitallybones.com.br\/website\/produto\/jaqueta-personalizada-promocional-4\/","title":{"rendered":"Jaqueta Personalizada Promocional"},"content":{"rendered":"","protected":false},"excerpt":{"rendered":"<p>Jaqueta Promocional Bordada, em Tac Tel, Nylon Paraqueda ou Microfibra.\u00a0Forrada (em matelasse, Tac Tel ou Forro), Recorte, vivo em cores a definir.Punhos com el\u00e1stico com 4 costuras, vista com bot\u00f5es de press\u00e3o.<\/p>\n","protected":false},"featured_media":763,"comment_status":"open","ping_status":"closed","template":"","meta":[],"class_list":{"0":"post-762","1":"product","2":"type-product","3":"status-publish","4":"has-post-thumbnail","6":"product_cat-jaquetas-moletons-e-agasalhos","7":"entry","8":"has-media","11":"first","12":"instock","13":"shipping-taxable","14":"purchasable","15":"product-type-simple","16":"has-product-nav","17":"col","18":"span_1_of_4","19":"owp-content-left","20":"item-entry","21":"owp-thumbs-layout-vertical","22":"owp-btn-normal","23":"owp-tabs-layout-section","24":"has-no-thumbnails"},"_links":{"self":[{"href":"https:\/\/vitallybones.com.br\/website\/wp-json\/wp\/v2\/product\/762","targetHints":{"allow":["GET"]}}],"collection":[{"href":"https:\/\/vitallybones.com.br\/website\/wp-json\/wp\/v2\/product"}],"about":[{"href":"https:\/\/vitallybones.com.br\/website\/wp-json\/wp\/v2\/types\/product"}],"replies":[{"embeddable":true,"href":"https:\/\/vitallybones.com.br\/website\/wp-json\/wp\/v2\/comments?post=762"}],"wp:featuredmedia":[{"embeddable":true,"href":"https:\/\/vitallybones.com.br\/website\/wp-json\/wp\/v2\/media\/763"}],"wp:attachment":[{"href":"https:\/\/vitallybones.com.br\/website\/wp-json\/wp\/v2\/media?parent=762"}],"curies":[{"name":"wp","href":"https:\/\/api.w.org\/{rel}","templated":true}]}}