{"id":751,"date":"2018-12-11T11:58:30","date_gmt":"2018-12-11T11:58:30","guid":{"rendered":"https:\/\/vitallybones.com.br\/?post_type=product&#038;p=751"},"modified":"2018-12-11T11:58:30","modified_gmt":"2018-12-11T11:58:30","slug":"agasalho-promocional-personalizado","status":"publish","type":"product","link":"https:\/\/vitallybones.com.br\/website\/produto\/agasalho-promocional-personalizado\/","title":{"rendered":"Agasalho Promocional Personalizado"},"content":{"rendered":"","protected":false},"excerpt":{"rendered":"<p>Agasalho Uniforme Profissional, em Tactel, Micro Fibra ou Moletom.\u00a0Recortes nas mangas, ombros e barra da cal\u00e7a. Punhos com ajustes em velcro. Bordado peito, costas e calca.\u00a0Bolso na Jaqueta e na Cal\u00e7a. Forrado em tecido perfurado sint\u00e9tico. Sistema de ajustes na jaqueta e cal\u00e7a com el\u00e1stico e trava.\u00a0C\u00f3s e punhos da cal\u00e7a com el\u00e1stico e 4 costuras.(Land Rover)<\/p>\n","protected":false},"featured_media":752,"comment_status":"open","ping_status":"closed","template":"","meta":[],"class_list":{"0":"post-751","1":"product","2":"type-product","3":"status-publish","4":"has-post-thumbnail","6":"product_cat-jaquetas-moletons-e-agasalhos","7":"entry","8":"has-media","11":"first","12":"instock","13":"shipping-taxable","14":"purchasable","15":"product-type-simple","16":"has-product-nav","17":"col","18":"span_1_of_4","19":"owp-content-left","20":"item-entry","21":"owp-thumbs-layout-vertical","22":"owp-btn-normal","23":"owp-tabs-layout-section"},"_links":{"self":[{"href":"https:\/\/vitallybones.com.br\/website\/wp-json\/wp\/v2\/product\/751","targetHints":{"allow":["GET"]}}],"collection":[{"href":"https:\/\/vitallybones.com.br\/website\/wp-json\/wp\/v2\/product"}],"about":[{"href":"https:\/\/vitallybones.com.br\/website\/wp-json\/wp\/v2\/types\/product"}],"replies":[{"embeddable":true,"href":"https:\/\/vitallybones.com.br\/website\/wp-json\/wp\/v2\/comments?post=751"}],"wp:featuredmedia":[{"embeddable":true,"href":"https:\/\/vitallybones.com.br\/website\/wp-json\/wp\/v2\/media\/752"}],"wp:attachment":[{"href":"https:\/\/vitallybones.com.br\/website\/wp-json\/wp\/v2\/media?parent=751"}],"curies":[{"name":"wp","href":"https:\/\/api.w.org\/{rel}","templated":true}]}}