{"id":721,"date":"2018-12-10T18:59:28","date_gmt":"2018-12-10T18:59:28","guid":{"rendered":"https:\/\/vitallybones.com.br\/?post_type=product&#038;p=721"},"modified":"2018-12-10T18:59:28","modified_gmt":"2018-12-10T18:59:28","slug":"jaleco-uniforme-profissional-2","status":"publish","type":"product","link":"https:\/\/vitallybones.com.br\/website\/produto\/jaleco-uniforme-profissional-2\/","title":{"rendered":"Jaleco Uniforme Profissional"},"content":{"rendered":"","protected":false},"excerpt":{"rendered":"<p>Jaleco Uniforme Profissional , com prote\u00e7\u00e3o para os bot\u00f5es, bolsos frontais, com detalhe nas mangas e golas e bolsos em outra cor .<\/p>\n","protected":false},"featured_media":722,"comment_status":"open","ping_status":"closed","template":"","meta":[],"class_list":{"0":"post-721","1":"product","2":"type-product","3":"status-publish","4":"has-post-thumbnail","6":"product_cat-aventais-jalecos-e-coletes","7":"entry","8":"has-media","11":"first","12":"instock","13":"shipping-taxable","14":"purchasable","15":"product-type-simple","16":"has-product-nav","17":"col","18":"span_1_of_4","19":"owp-content-left","20":"item-entry","21":"owp-thumbs-layout-vertical","22":"owp-btn-normal","23":"owp-tabs-layout-section"},"_links":{"self":[{"href":"https:\/\/vitallybones.com.br\/website\/wp-json\/wp\/v2\/product\/721","targetHints":{"allow":["GET"]}}],"collection":[{"href":"https:\/\/vitallybones.com.br\/website\/wp-json\/wp\/v2\/product"}],"about":[{"href":"https:\/\/vitallybones.com.br\/website\/wp-json\/wp\/v2\/types\/product"}],"replies":[{"embeddable":true,"href":"https:\/\/vitallybones.com.br\/website\/wp-json\/wp\/v2\/comments?post=721"}],"wp:featuredmedia":[{"embeddable":true,"href":"https:\/\/vitallybones.com.br\/website\/wp-json\/wp\/v2\/media\/722"}],"wp:attachment":[{"href":"https:\/\/vitallybones.com.br\/website\/wp-json\/wp\/v2\/media?parent=721"}],"curies":[{"name":"wp","href":"https:\/\/api.w.org\/{rel}","templated":true}]}}