{"id":674,"date":"2018-12-10T15:43:49","date_gmt":"2018-12-10T15:43:49","guid":{"rendered":"https:\/\/vitallybones.com.br\/?post_type=product&#038;p=674"},"modified":"2018-12-10T15:43:49","modified_gmt":"2018-12-10T15:43:49","slug":"chapeu-modelo-australiano-4","status":"publish","type":"product","link":"https:\/\/vitallybones.com.br\/website\/produto\/chapeu-modelo-australiano-4\/","title":{"rendered":"Chap\u00e9u Modelo Australiano"},"content":{"rendered":"","protected":false},"excerpt":{"rendered":"<p>Chap\u00e9u Australiano Promocional , em brim 100% algod\u00e3o, aplica\u00e7\u00e3o em bordado , bot\u00e3o de press\u00e3o e cord\u00e3o para regulagem.<\/p>\n","protected":false},"featured_media":675,"comment_status":"open","ping_status":"closed","template":"","meta":[],"class_list":{"0":"post-674","1":"product","2":"type-product","3":"status-publish","4":"has-post-thumbnail","6":"product_cat-australiano","7":"product_cat-chapeus-promocionais","8":"entry","9":"has-media","12":"first","13":"instock","14":"shipping-taxable","15":"purchasable","16":"product-type-simple","17":"has-product-nav","18":"col","19":"span_1_of_4","20":"owp-content-left","21":"item-entry","22":"owp-thumbs-layout-vertical","23":"owp-btn-normal","24":"owp-tabs-layout-section","25":"has-no-thumbnails"},"_links":{"self":[{"href":"https:\/\/vitallybones.com.br\/website\/wp-json\/wp\/v2\/product\/674","targetHints":{"allow":["GET"]}}],"collection":[{"href":"https:\/\/vitallybones.com.br\/website\/wp-json\/wp\/v2\/product"}],"about":[{"href":"https:\/\/vitallybones.com.br\/website\/wp-json\/wp\/v2\/types\/product"}],"replies":[{"embeddable":true,"href":"https:\/\/vitallybones.com.br\/website\/wp-json\/wp\/v2\/comments?post=674"}],"wp:featuredmedia":[{"embeddable":true,"href":"https:\/\/vitallybones.com.br\/website\/wp-json\/wp\/v2\/media\/675"}],"wp:attachment":[{"href":"https:\/\/vitallybones.com.br\/website\/wp-json\/wp\/v2\/media?parent=674"}],"curies":[{"name":"wp","href":"https:\/\/api.w.org\/{rel}","templated":true}]}}