{"id":646,"date":"2018-12-07T18:55:00","date_gmt":"2018-12-07T18:55:00","guid":{"rendered":"https:\/\/vitallybones.com.br\/?post_type=product&#038;p=646"},"modified":"2018-12-07T18:55:00","modified_gmt":"2018-12-07T18:55:00","slug":"camisa-polo-com-recorte-4","status":"publish","type":"product","link":"https:\/\/vitallybones.com.br\/website\/produto\/camisa-polo-com-recorte-4\/","title":{"rendered":"Camisa Polo Com Recorte"},"content":{"rendered":"","protected":false},"excerpt":{"rendered":"<p>Camisa p\u00f3lo , Malha Piquet ,com recorte no ombro, com punho, aplica\u00e7\u00e3o em\u00a0 bordado\u00a0 no peito .<\/p>\n","protected":false},"featured_media":647,"comment_status":"open","ping_status":"closed","template":"","meta":[],"class_list":{"0":"post-646","1":"product","2":"type-product","3":"status-publish","4":"has-post-thumbnail","6":"product_cat-camisas-polo","7":"product_cat-polo-baby-look","8":"entry","9":"has-media","12":"first","13":"instock","14":"shipping-taxable","15":"purchasable","16":"product-type-simple","17":"has-product-nav","18":"col","19":"span_1_of_4","20":"owp-content-left","21":"item-entry","22":"owp-thumbs-layout-vertical","23":"owp-btn-normal","24":"owp-tabs-layout-section"},"_links":{"self":[{"href":"https:\/\/vitallybones.com.br\/website\/wp-json\/wp\/v2\/product\/646","targetHints":{"allow":["GET"]}}],"collection":[{"href":"https:\/\/vitallybones.com.br\/website\/wp-json\/wp\/v2\/product"}],"about":[{"href":"https:\/\/vitallybones.com.br\/website\/wp-json\/wp\/v2\/types\/product"}],"replies":[{"embeddable":true,"href":"https:\/\/vitallybones.com.br\/website\/wp-json\/wp\/v2\/comments?post=646"}],"wp:featuredmedia":[{"embeddable":true,"href":"https:\/\/vitallybones.com.br\/website\/wp-json\/wp\/v2\/media\/647"}],"wp:attachment":[{"href":"https:\/\/vitallybones.com.br\/website\/wp-json\/wp\/v2\/media?parent=646"}],"curies":[{"name":"wp","href":"https:\/\/api.w.org\/{rel}","templated":true}]}}