{"id":629,"date":"2018-12-07T13:12:59","date_gmt":"2018-12-07T13:12:59","guid":{"rendered":"https:\/\/vitallybones.com.br\/?post_type=product&#038;p=629"},"modified":"2018-12-07T13:29:29","modified_gmt":"2018-12-07T13:29:29","slug":"baby-look-polo-feminina","status":"publish","type":"product","link":"https:\/\/vitallybones.com.br\/website\/produto\/baby-look-polo-feminina\/","title":{"rendered":"Baby Look Polo Feminina"},"content":{"rendered":"","protected":false},"excerpt":{"rendered":"<p>Baby look polo\u00a0 feminina e masculina em malha 100% algod\u00e3o penteada fio 30,1 , aplica\u00e7\u00e3o em bordado no peito e nas costas .<\/p>\n","protected":false},"featured_media":630,"comment_status":"open","ping_status":"closed","template":"","meta":[],"class_list":{"0":"post-629","1":"product","2":"type-product","3":"status-publish","4":"has-post-thumbnail","6":"product_cat-camisas-polo","7":"product_cat-polo-baby-look","8":"entry","9":"has-media","12":"first","13":"instock","14":"shipping-taxable","15":"purchasable","16":"product-type-simple","17":"has-product-nav","18":"col","19":"span_1_of_4","20":"owp-content-left","21":"item-entry","22":"owp-thumbs-layout-vertical","23":"owp-btn-normal","24":"owp-tabs-layout-section"},"_links":{"self":[{"href":"https:\/\/vitallybones.com.br\/website\/wp-json\/wp\/v2\/product\/629","targetHints":{"allow":["GET"]}}],"collection":[{"href":"https:\/\/vitallybones.com.br\/website\/wp-json\/wp\/v2\/product"}],"about":[{"href":"https:\/\/vitallybones.com.br\/website\/wp-json\/wp\/v2\/types\/product"}],"replies":[{"embeddable":true,"href":"https:\/\/vitallybones.com.br\/website\/wp-json\/wp\/v2\/comments?post=629"}],"wp:featuredmedia":[{"embeddable":true,"href":"https:\/\/vitallybones.com.br\/website\/wp-json\/wp\/v2\/media\/630"}],"wp:attachment":[{"href":"https:\/\/vitallybones.com.br\/website\/wp-json\/wp\/v2\/media?parent=629"}],"curies":[{"name":"wp","href":"https:\/\/api.w.org\/{rel}","templated":true}]}}