{"id":605,"date":"2018-12-07T12:19:16","date_gmt":"2018-12-07T12:19:16","guid":{"rendered":"https:\/\/vitallybones.com.br\/?post_type=product&#038;p=605"},"modified":"2018-12-07T12:19:16","modified_gmt":"2018-12-07T12:19:16","slug":"bone-modelo-ciclista","status":"publish","type":"product","link":"https:\/\/vitallybones.com.br\/website\/produto\/bone-modelo-ciclista\/","title":{"rendered":"Bon\u00e9 Modelo Ciclista"},"content":{"rendered":"","protected":false},"excerpt":{"rendered":"<p>Bon\u00e9 modelo ciclista em microfibra 100% poli\u00e9ster ,aba com sandu\u00edche\u00a0 ,com bordado frente e laterais .<\/p>\n","protected":false},"featured_media":606,"comment_status":"open","ping_status":"closed","template":"","meta":[],"class_list":{"0":"post-605","1":"product","2":"type-product","3":"status-publish","4":"has-post-thumbnail","6":"product_cat-bones-promocionais","7":"product_cat-ciclista","8":"entry","9":"has-media","12":"first","13":"instock","14":"shipping-taxable","15":"purchasable","16":"product-type-simple","17":"has-product-nav","18":"col","19":"span_1_of_4","20":"owp-content-left","21":"item-entry","22":"owp-thumbs-layout-vertical","23":"owp-btn-normal","24":"owp-tabs-layout-section","25":"has-no-thumbnails"},"_links":{"self":[{"href":"https:\/\/vitallybones.com.br\/website\/wp-json\/wp\/v2\/product\/605","targetHints":{"allow":["GET"]}}],"collection":[{"href":"https:\/\/vitallybones.com.br\/website\/wp-json\/wp\/v2\/product"}],"about":[{"href":"https:\/\/vitallybones.com.br\/website\/wp-json\/wp\/v2\/types\/product"}],"replies":[{"embeddable":true,"href":"https:\/\/vitallybones.com.br\/website\/wp-json\/wp\/v2\/comments?post=605"}],"wp:featuredmedia":[{"embeddable":true,"href":"https:\/\/vitallybones.com.br\/website\/wp-json\/wp\/v2\/media\/606"}],"wp:attachment":[{"href":"https:\/\/vitallybones.com.br\/website\/wp-json\/wp\/v2\/media?parent=605"}],"curies":[{"name":"wp","href":"https:\/\/api.w.org\/{rel}","templated":true}]}}