{"id":597,"date":"2018-12-07T11:59:43","date_gmt":"2018-12-07T11:59:43","guid":{"rendered":"https:\/\/vitallybones.com.br\/?post_type=product&#038;p=597"},"modified":"2018-12-07T12:01:48","modified_gmt":"2018-12-07T12:01:48","slug":"bone-modelo-frances-2","status":"publish","type":"product","link":"https:\/\/vitallybones.com.br\/website\/produto\/bone-modelo-frances-2\/","title":{"rendered":"Bon\u00e9 Modelo Franc\u00eas"},"content":{"rendered":"","protected":false},"excerpt":{"rendered":"<p>Bon\u00e9 Modelo Franc\u00eas em microfibra 100% poliester ,aba curva ,regulador em velcro ,com silk na frente e laterais .<\/p>\n","protected":false},"featured_media":598,"comment_status":"open","ping_status":"closed","template":"","meta":[],"class_list":{"0":"post-597","1":"product","2":"type-product","3":"status-publish","4":"has-post-thumbnail","6":"product_cat-bones-promocionais","7":"product_cat-frances","8":"entry","9":"has-media","12":"first","13":"instock","14":"shipping-taxable","15":"purchasable","16":"product-type-simple","17":"has-product-nav","18":"col","19":"span_1_of_4","20":"owp-content-left","21":"item-entry","22":"owp-thumbs-layout-vertical","23":"owp-btn-normal","24":"owp-tabs-layout-section"},"_links":{"self":[{"href":"https:\/\/vitallybones.com.br\/website\/wp-json\/wp\/v2\/product\/597","targetHints":{"allow":["GET"]}}],"collection":[{"href":"https:\/\/vitallybones.com.br\/website\/wp-json\/wp\/v2\/product"}],"about":[{"href":"https:\/\/vitallybones.com.br\/website\/wp-json\/wp\/v2\/types\/product"}],"replies":[{"embeddable":true,"href":"https:\/\/vitallybones.com.br\/website\/wp-json\/wp\/v2\/comments?post=597"}],"wp:featuredmedia":[{"embeddable":true,"href":"https:\/\/vitallybones.com.br\/website\/wp-json\/wp\/v2\/media\/598"}],"wp:attachment":[{"href":"https:\/\/vitallybones.com.br\/website\/wp-json\/wp\/v2\/media?parent=597"}],"curies":[{"name":"wp","href":"https:\/\/api.w.org\/{rel}","templated":true}]}}