{"id":577,"date":"2018-12-06T16:48:20","date_gmt":"2018-12-06T16:48:20","guid":{"rendered":"https:\/\/vitallybones.com.br\/?post_type=product&#038;p=577"},"modified":"2018-12-13T14:48:28","modified_gmt":"2018-12-13T14:48:28","slug":"bone-modelo-6-gomos-8","status":"publish","type":"product","link":"https:\/\/vitallybones.com.br\/website\/produto\/bone-modelo-6-gomos-8\/","title":{"rendered":"Bon\u00e9 Modelo 6 Gomos"},"content":{"rendered":"","protected":false},"excerpt":{"rendered":"<p>Bon\u00e9 modelo 6 gomos , em brim leve 100% algod\u00e3o, aplica\u00e7\u00e3o em bordado frontal e traseiro , regulador em fivela com vivo na arriata e bandeirinha do brasil costurada , aba com sandu\u00edche.<\/p>\n","protected":false},"featured_media":578,"comment_status":"open","ping_status":"closed","template":"","meta":[],"class_list":{"0":"post-577","1":"product","2":"type-product","3":"status-publish","4":"has-post-thumbnail","6":"product_cat-6-gomos","7":"product_cat-bones-promocionais","8":"entry","9":"has-media","12":"first","13":"instock","14":"shipping-taxable","15":"purchasable","16":"product-type-simple","17":"has-product-nav","18":"col","19":"span_1_of_4","20":"owp-content-left","21":"item-entry","22":"owp-thumbs-layout-vertical","23":"owp-btn-normal","24":"owp-tabs-layout-section"},"_links":{"self":[{"href":"https:\/\/vitallybones.com.br\/website\/wp-json\/wp\/v2\/product\/577","targetHints":{"allow":["GET"]}}],"collection":[{"href":"https:\/\/vitallybones.com.br\/website\/wp-json\/wp\/v2\/product"}],"about":[{"href":"https:\/\/vitallybones.com.br\/website\/wp-json\/wp\/v2\/types\/product"}],"replies":[{"embeddable":true,"href":"https:\/\/vitallybones.com.br\/website\/wp-json\/wp\/v2\/comments?post=577"}],"wp:featuredmedia":[{"embeddable":true,"href":"https:\/\/vitallybones.com.br\/website\/wp-json\/wp\/v2\/media\/578"}],"wp:attachment":[{"href":"https:\/\/vitallybones.com.br\/website\/wp-json\/wp\/v2\/media?parent=577"}],"curies":[{"name":"wp","href":"https:\/\/api.w.org\/{rel}","templated":true}]}}