{"id":56,"date":"2018-09-06T13:29:47","date_gmt":"2018-09-06T13:29:47","guid":{"rendered":"https:\/\/vitallybones.com.br\/?p=56"},"modified":"2018-12-13T14:56:49","modified_gmt":"2018-12-13T14:56:49","slug":"bone-modelo-6-gomos","status":"publish","type":"product","link":"https:\/\/vitallybones.com.br\/website\/produto\/bone-modelo-6-gomos\/","title":{"rendered":"Bon\u00e9 Modelo 6 Gomos"},"content":{"rendered":"","protected":false},"excerpt":{"rendered":"<p>Bon\u00e9 modelo 6 gomos em brim pesado 100% algod\u00e3o\u00a0 ,regulador em velcro ,aba com sandu\u00edche e com bordado na frente e laterais.<\/p>\n","protected":false},"featured_media":541,"comment_status":"open","ping_status":"closed","template":"","meta":[],"class_list":{"0":"post-56","1":"product","2":"type-product","3":"status-publish","4":"has-post-thumbnail","6":"product_cat-6-gomos","7":"product_cat-bones-promocionais","8":"entry","9":"has-media","12":"first","13":"instock","14":"shipping-taxable","15":"purchasable","16":"product-type-simple","17":"has-product-nav","18":"col","19":"span_1_of_4","20":"owp-content-left","21":"item-entry","22":"owp-thumbs-layout-vertical","23":"owp-btn-normal","24":"owp-tabs-layout-section"},"_links":{"self":[{"href":"https:\/\/vitallybones.com.br\/website\/wp-json\/wp\/v2\/product\/56","targetHints":{"allow":["GET"]}}],"collection":[{"href":"https:\/\/vitallybones.com.br\/website\/wp-json\/wp\/v2\/product"}],"about":[{"href":"https:\/\/vitallybones.com.br\/website\/wp-json\/wp\/v2\/types\/product"}],"replies":[{"embeddable":true,"href":"https:\/\/vitallybones.com.br\/website\/wp-json\/wp\/v2\/comments?post=56"}],"wp:featuredmedia":[{"embeddable":true,"href":"https:\/\/vitallybones.com.br\/website\/wp-json\/wp\/v2\/media\/541"}],"wp:attachment":[{"href":"https:\/\/vitallybones.com.br\/website\/wp-json\/wp\/v2\/media?parent=56"}],"curies":[{"name":"wp","href":"https:\/\/api.w.org\/{rel}","templated":true}]}}