{"id":69,"date":"2018-09-06T13:31:50","date_gmt":"2018-09-06T13:31:50","guid":{"rendered":"https:\/\/vitallybones.com.br\/request-quote\/"},"modified":"2018-09-12T14:37:05","modified_gmt":"2018-09-12T14:37:05","slug":"orcamento","status":"publish","type":"page","link":"https:\/\/vitallybones.com.br\/website\/orcamento\/","title":{"rendered":"Or\u00e7amento"},"content":{"rendered":"\n<div class=\"woocommerce ywraq-wrapper\">\n\n        <div id=\"yith-ywraq-message\"><div class=\"ywraq-question-message\">\n\t<\/div><\/div>\n        <p class=\"ywraq_list_empty_message\">Sua lista est\u00e1 vazia, adicione produtos \u00e0 lista para enviar uma solicita\u00e7\u00e3o<p><p class=\"return-to-shop\"><a class=\"button wc-backward\" href=\"\/produtos\">Adicionar produtos ao or\u00e7amento<\/a><p>\n\n    <\/div>\n","protected":false},"excerpt":{"rendered":"","protected":false},"author":1,"featured_media":0,"parent":0,"menu_order":0,"comment_status":"closed","ping_status":"closed","template":"","meta":{"footnotes":""},"class_list":["post-69","page","type-page","status-publish","hentry","entry","owp-thumbs-layout-vertical","owp-btn-normal","owp-tabs-layout-section","has-no-thumbnails"],"_links":{"self":[{"href":"https:\/\/vitallybones.com.br\/website\/wp-json\/wp\/v2\/pages\/69","targetHints":{"allow":["GET"]}}],"collection":[{"href":"https:\/\/vitallybones.com.br\/website\/wp-json\/wp\/v2\/pages"}],"about":[{"href":"https:\/\/vitallybones.com.br\/website\/wp-json\/wp\/v2\/types\/page"}],"author":[{"embeddable":true,"href":"https:\/\/vitallybones.com.br\/website\/wp-json\/wp\/v2\/users\/1"}],"replies":[{"embeddable":true,"href":"https:\/\/vitallybones.com.br\/website\/wp-json\/wp\/v2\/comments?post=69"}],"version-history":[{"count":0,"href":"https:\/\/vitallybones.com.br\/website\/wp-json\/wp\/v2\/pages\/69\/revisions"}],"wp:attachment":[{"href":"https:\/\/vitallybones.com.br\/website\/wp-json\/wp\/v2\/media?parent=69"}],"curies":[{"name":"wp","href":"https:\/\/api.w.org\/{rel}","templated":true}]}}