{"id":303,"date":"2018-09-12T01:03:54","date_gmt":"2018-09-12T01:03:54","guid":{"rendered":"https:\/\/vitallybones.com.br\/?page_id=303"},"modified":"2025-10-03T17:46:48","modified_gmt":"2025-10-03T17:46:48","slug":"contato","status":"publish","type":"page","link":"https:\/\/vitallybones.com.br\/website\/contato\/","title":{"rendered":"Contato"},"content":{"rendered":"\t\t<div class=\"elementor elementor-303\">\n\t\t\t<div class=\"elementor-inner\">\n\t\t\t\t<div class=\"elementor-section-wrap\">\n\t\t\t\t\t\t\t<section data-id=\"787f662\" class=\"elementor-element elementor-element-787f662 elementor-section-full_width elementor-section-height-default elementor-section-height-default elementor-section elementor-top-section\" data-settings=\"{&quot;background_background&quot;:&quot;classic&quot;}\" data-element_type=\"section\">\n\t\t\t\t\t\t<div class=\"elementor-container elementor-column-gap-default\">\n\t\t\t\t<div class=\"elementor-row\">\n\t\t\t\t<div data-id=\"bbc8ee2\" class=\"elementor-element elementor-element-bbc8ee2 elementor-column elementor-col-100 elementor-top-column\" data-element_type=\"column\">\n\t\t\t<div class=\"elementor-column-wrap elementor-element-populated\">\n\t\t\t\t\t<div class=\"elementor-widget-wrap\">\n\t\t\t\t<section data-id=\"ec9c1ee\" class=\"elementor-element elementor-element-ec9c1ee elementor-section-boxed elementor-section-height-default elementor-section-height-default elementor-section elementor-inner-section\" data-element_type=\"section\">\n\t\t\t\t\t\t<div class=\"elementor-container elementor-column-gap-default\">\n\t\t\t\t<div class=\"elementor-row\">\n\t\t\t\t<div data-id=\"3cc357c\" class=\"elementor-element elementor-element-3cc357c elementor-column elementor-col-50 elementor-inner-column\" data-element_type=\"column\">\n\t\t\t<div class=\"elementor-column-wrap elementor-element-populated\">\n\t\t\t\t\t<div class=\"elementor-widget-wrap\">\n\t\t\t\t<div data-id=\"0084fd9\" class=\"elementor-element elementor-element-0084fd9 elementor-widget elementor-widget-heading\" data-element_type=\"heading.default\">\n\t\t\t\t<div class=\"elementor-widget-container\">\n\t\t\t<h2 class=\"elementor-heading-title elementor-size-default\">CONTATO<\/h2>\t\t<\/div>\n\t\t\t\t<\/div>\n\t\t\t\t<div data-id=\"1201b7e\" class=\"elementor-element elementor-element-1201b7e elementor-widget elementor-widget-divider\" data-element_type=\"divider.default\">\n\t\t\t\t<div class=\"elementor-widget-container\">\n\t\t\t\t\t<div class=\"elementor-divider\">\n\t\t\t<span class=\"elementor-divider-separator\"><\/span>\n\t\t<\/div>\n\t\t\t\t<\/div>\n\t\t\t\t<\/div>\n\t\t\t\t<div data-id=\"c28ecc4\" class=\"elementor-element elementor-element-c28ecc4 elementor-widget elementor-widget-spacer\" data-element_type=\"spacer.default\">\n\t\t\t\t<div class=\"elementor-widget-container\">\n\t\t\t\t\t<div class=\"elementor-spacer\">\n\t\t\t<div class=\"elementor-spacer-inner\"><\/div>\n\t\t<\/div>\n\t\t\t\t<\/div>\n\t\t\t\t<\/div>\n\t\t\t\t<div data-id=\"9ed267d\" class=\"elementor-element elementor-element-9ed267d elementor-widget elementor-widget-heading\" data-element_type=\"heading.default\">\n\t\t\t\t<div class=\"elementor-widget-container\">\n\t\t\t<h6 class=\"elementor-heading-title elementor-size-default\">Fone: 43 3424 0088\n<\/h6>\t\t<\/div>\n\t\t\t\t<\/div>\n\t\t\t\t<div data-id=\"36c74723\" class=\"elementor-element elementor-element-36c74723 elementor-widget elementor-widget-heading\" data-element_type=\"heading.default\">\n\t\t\t\t<div class=\"elementor-widget-container\">\n\t\t\t<h6 class=\"elementor-heading-title elementor-size-default\">Email: e-vendas@vitallybones.com.br<\/h6>\t\t<\/div>\n\t\t\t\t<\/div>\n\t\t\t\t<div data-id=\"61944d1a\" class=\"elementor-element elementor-element-61944d1a elementor-widget elementor-widget-heading\" data-element_type=\"heading.default\">\n\t\t\t\t<div class=\"elementor-widget-container\">\n\t\t\t<h6 class=\"elementor-heading-title elementor-size-default\">WhatsApp: (43) 99117-4815<\/h6>\t\t<\/div>\n\t\t\t\t<\/div>\n\t\t\t\t<div data-id=\"bb7393d\" class=\"elementor-element elementor-element-bb7393d elementor-widget elementor-widget-spacer\" data-element_type=\"spacer.default\">\n\t\t\t\t<div class=\"elementor-widget-container\">\n\t\t\t\t\t<div class=\"elementor-spacer\">\n\t\t\t<div class=\"elementor-spacer-inner\"><\/div>\n\t\t<\/div>\n\t\t\t\t<\/div>\n\t\t\t\t<\/div>\n\t\t\t\t<div data-id=\"23c631c\" class=\"elementor-element elementor-element-23c631c elementor-widget elementor-widget-heading\" data-element_type=\"heading.default\">\n\t\t\t\t<div class=\"elementor-widget-container\">\n\t\t\t<h6 class=\"elementor-heading-title elementor-size-default\">Tv. Lunardeli - Barra Funda<br>\nCep 86800-540 | Apucarana-Paran\u00e1-Brasil<\/h6>\t\t<\/div>\n\t\t\t\t<\/div>\n\t\t\t\t<div data-id=\"e14a8fa\" class=\"elementor-element elementor-element-e14a8fa elementor-widget elementor-widget-heading\" data-element_type=\"heading.default\">\n\t\t\t\t<div class=\"elementor-widget-container\">\n\t\t\t<h6 class=\"elementor-heading-title elementor-size-default\">Atendimento das 8h00 \u00e0s 11h00 e das 13h00 \u00e0s 18h00 de segunda a sexta<\/h6>\t\t<\/div>\n\t\t\t\t<\/div>\n\t\t\t\t<div data-id=\"a859e9f\" class=\"elementor-element elementor-element-a859e9f elementor-widget elementor-widget-spacer\" data-element_type=\"spacer.default\">\n\t\t\t\t<div class=\"elementor-widget-container\">\n\t\t\t\t\t<div class=\"elementor-spacer\">\n\t\t\t<div class=\"elementor-spacer-inner\"><\/div>\n\t\t<\/div>\n\t\t\t\t<\/div>\n\t\t\t\t<\/div>\n\t\t\t\t<div data-id=\"4d105c9\" class=\"elementor-element elementor-element-4d105c9 elementor-widget elementor-widget-heading\" data-element_type=\"heading.default\">\n\t\t\t\t<div class=\"elementor-widget-container\">\n\t\t\t<h2 class=\"elementor-heading-title elementor-size-default\">FALE CONOSCO<\/h2>\t\t<\/div>\n\t\t\t\t<\/div>\n\t\t\t\t<div data-id=\"6b6ecf5c\" class=\"elementor-element elementor-element-6b6ecf5c elementor-button-align-stretch elementor-widget elementor-widget-form\" data-element_type=\"form.default\">\n\t\t\t\t<div class=\"elementor-widget-container\">\n\t\t\t\t\t<form class=\"elementor-form\" method=\"post\" name=\"New Form\">\n\t\t\t<input type=\"hidden\" name=\"post_id\" value=\"303\"\/>\n\t\t\t<input type=\"hidden\" name=\"form_id\" value=\"6b6ecf5c\"\/>\n\n\t\t\t<div class=\"elementor-form-fields-wrapper elementor-labels-\">\n\t\t\t\t\t\t\t\t<div class=\"elementor-field-type-text elementor-field-group elementor-column elementor-field-group-name elementor-col-100\">\n\t\t\t\t\t<label for=\"form-field-name\" class=\"elementor-field-label elementor-screen-only\">Nome<\/label><input size=\"1\" type=\"text\" name=\"form_fields[name]\" id=\"form-field-name\" class=\"elementor-field elementor-size-sm  elementor-field-textual\" placeholder=\"Nome\">\t\t\t\t<\/div>\n\t\t\t\t\t\t\t\t<div class=\"elementor-field-type-email elementor-field-group elementor-column elementor-field-group-email elementor-col-100 elementor-field-required\">\n\t\t\t\t\t<label for=\"form-field-email\" class=\"elementor-field-label elementor-screen-only\">E-mail<\/label><input size=\"1\" type=\"email\" name=\"form_fields[email]\" id=\"form-field-email\" class=\"elementor-field elementor-size-sm  elementor-field-textual\" placeholder=\"E-mail\" required=\"required\" aria-required=\"true\">\t\t\t\t<\/div>\n\t\t\t\t\t\t\t\t<div class=\"elementor-field-type-textarea elementor-field-group elementor-column elementor-field-group-message elementor-col-100\">\n\t\t\t\t\t<label for=\"form-field-message\" class=\"elementor-field-label elementor-screen-only\">Mensagem<\/label><textarea class=\"elementor-field-textual elementor-field  elementor-size-sm\" name=\"form_fields[message]\" id=\"form-field-message\" rows=\"4\" placeholder=\"Mensagem\"><\/textarea>\t\t\t\t<\/div>\n\t\t\t\t\t\t\t\t<div class=\"elementor-field-group elementor-column elementor-field-type-submit elementor-col-100\">\n\t\t\t\t\t<button type=\"submit\" class=\"elementor-button elementor-size-sm elementor-animation-grow\">\n\t\t\t\t\t\t<span >\n\t\t\t\t\t\t\t\t\t\t\t\t\t\t\t\t\t\t\t\t\t\t<span class=\"elementor-button-text\">ENVIAR MENSAGEM<\/span>\n\t\t\t\t\t\t\t\t\t\t\t\t\t<\/span>\n\t\t\t\t\t<\/button>\n\t\t\t\t<\/div>\n\t\t\t<\/div>\n\t\t<\/form>\n\t\t\t\t<\/div>\n\t\t\t\t<\/div>\n\t\t\t\t<div data-id=\"1c8264c2\" class=\"elementor-element elementor-element-1c8264c2 elementor-shape-rounded elementor-widget elementor-widget-social-icons\" data-element_type=\"social-icons.default\">\n\t\t\t\t<div class=\"elementor-widget-container\">\n\t\t\t\t\t<div class=\"elementor-social-icons-wrapper\">\n\t\t\t\t\t\t\t<a class=\"elementor-icon elementor-social-icon elementor-social-icon-facebook elementor-animation-grow\" href=\"https:\/\/www.facebook.com\/vitallycamisetasebones\/?ref=br_rs\" target=\"_blank\">\n\t\t\t\t\t<span class=\"elementor-screen-only\">Facebook<\/span>\n\t\t\t\t\t<i class=\"fa fa-facebook\"><\/i>\n\t\t\t\t<\/a>\n\t\t\t\t\t\t\t<a class=\"elementor-icon elementor-social-icon elementor-social-icon-twitter elementor-animation-grow\" href=\"https:\/\/twitter.com\/vitallybones\" target=\"_blank\">\n\t\t\t\t\t<span class=\"elementor-screen-only\">Twitter<\/span>\n\t\t\t\t\t<i class=\"fa fa-twitter\"><\/i>\n\t\t\t\t<\/a>\n\t\t\t\t\t\t\t<a class=\"elementor-icon elementor-social-icon elementor-social-icon-pinterest elementor-animation-grow\" href=\"https:\/\/br.pinterest.com\/vitallybones\/\" target=\"_blank\">\n\t\t\t\t\t<span class=\"elementor-screen-only\">Pinterest<\/span>\n\t\t\t\t\t<i class=\"fa fa-pinterest\"><\/i>\n\t\t\t\t<\/a>\n\t\t\t\t\t<\/div>\n\t\t\t\t<\/div>\n\t\t\t\t<\/div>\n\t\t\t\t\t\t<\/div>\n\t\t\t<\/div>\n\t\t<\/div>\n\t\t\t\t<div data-id=\"ddab4f0\" class=\"elementor-element elementor-element-ddab4f0 elementor-column elementor-col-50 elementor-inner-column\" data-element_type=\"column\">\n\t\t\t<div class=\"elementor-column-wrap\">\n\t\t\t\t\t<div class=\"elementor-widget-wrap\">\n\t\t\t\t\t\t<\/div>\n\t\t\t<\/div>\n\t\t<\/div>\n\t\t\t\t\t\t<\/div>\n\t\t\t<\/div>\n\t\t<\/section>\n\t\t\t\t\t\t<\/div>\n\t\t\t<\/div>\n\t\t<\/div>\n\t\t\t\t\t\t<\/div>\n\t\t\t<\/div>\n\t\t<\/section>\n\t\t\t\t\t\t<\/div>\n\t\t\t<\/div>\n\t\t<\/div>\n\t\t","protected":false},"excerpt":{"rendered":"<p>CONTATO Fone: 43 3424 0088 Email: e-vendas@vitallybones.com.br WhatsApp: (43) 99117-4815 Tv. Lunardeli &#8211; Barra Funda Cep 86800-540 | Apucarana-Paran\u00e1-Brasil Atendimento das 8h00 \u00e0s 11h00 e das 13h00 \u00e0s 18h00 de segunda a sexta FALE CONOSCO Facebook Twitter Pinterest<\/p>\n","protected":false},"author":1,"featured_media":0,"parent":0,"menu_order":0,"comment_status":"closed","ping_status":"closed","template":"elementor_canvas","meta":{"footnotes":""},"class_list":["post-303","page","type-page","status-publish","hentry","entry","owp-thumbs-layout-vertical","owp-btn-normal","owp-tabs-layout-section","has-no-thumbnails"],"_links":{"self":[{"href":"https:\/\/vitallybones.com.br\/website\/wp-json\/wp\/v2\/pages\/303","targetHints":{"allow":["GET"]}}],"collection":[{"href":"https:\/\/vitallybones.com.br\/website\/wp-json\/wp\/v2\/pages"}],"about":[{"href":"https:\/\/vitallybones.com.br\/website\/wp-json\/wp\/v2\/types\/page"}],"author":[{"embeddable":true,"href":"https:\/\/vitallybones.com.br\/website\/wp-json\/wp\/v2\/users\/1"}],"replies":[{"embeddable":true,"href":"https:\/\/vitallybones.com.br\/website\/wp-json\/wp\/v2\/comments?post=303"}],"version-history":[{"count":2,"href":"https:\/\/vitallybones.com.br\/website\/wp-json\/wp\/v2\/pages\/303\/revisions"}],"predecessor-version":[{"id":866,"href":"https:\/\/vitallybones.com.br\/website\/wp-json\/wp\/v2\/pages\/303\/revisions\/866"}],"wp:attachment":[{"href":"https:\/\/vitallybones.com.br\/website\/wp-json\/wp\/v2\/media?parent=303"}],"curies":[{"name":"wp","href":"https:\/\/api.w.org\/{rel}","templated":true}]}}