{"id":279,"date":"2018-09-12T00:32:44","date_gmt":"2018-09-12T00:32:44","guid":{"rendered":"https:\/\/vitallybones.com.br\/?page_id=279"},"modified":"2018-09-12T17:19:29","modified_gmt":"2018-09-12T17:19:29","slug":"sobre-a-vitally-bones-camisetas-chapeus-camisas-e-uniformes","status":"publish","type":"page","link":"https:\/\/vitallybones.com.br\/website\/sobre-a-vitally-bones-camisetas-chapeus-camisas-e-uniformes\/","title":{"rendered":"Sobre a Vitally Bon\u00e9s Camisetas Chapeus Camisas e Uniformes"},"content":{"rendered":"\t\t<div class=\"elementor elementor-279\">\n\t\t\t<div class=\"elementor-inner\">\n\t\t\t\t<div class=\"elementor-section-wrap\">\n\t\t\t\t\t\t\t<section data-id=\"787f662\" class=\"elementor-element elementor-element-787f662 elementor-section-full_width elementor-section-height-min-height elementor-section-items-top elementor-section-height-default elementor-section elementor-top-section\" data-settings=\"{&quot;background_background&quot;:&quot;classic&quot;}\" data-element_type=\"section\">\n\t\t\t\t\t\t<div class=\"elementor-container elementor-column-gap-default\">\n\t\t\t\t<div class=\"elementor-row\">\n\t\t\t\t<div data-id=\"bbc8ee2\" class=\"elementor-element elementor-element-bbc8ee2 elementor-column elementor-col-100 elementor-top-column\" data-element_type=\"column\">\n\t\t\t<div class=\"elementor-column-wrap elementor-element-populated\">\n\t\t\t\t\t<div class=\"elementor-widget-wrap\">\n\t\t\t\t<section data-id=\"ec9c1ee\" class=\"elementor-element elementor-element-ec9c1ee elementor-section-boxed elementor-section-height-default elementor-section-height-default elementor-section elementor-inner-section\" data-element_type=\"section\">\n\t\t\t\t\t\t<div class=\"elementor-container elementor-column-gap-default\">\n\t\t\t\t<div class=\"elementor-row\">\n\t\t\t\t<div data-id=\"3cc357c\" class=\"elementor-element elementor-element-3cc357c elementor-column elementor-col-50 elementor-inner-column\" data-element_type=\"column\">\n\t\t\t<div class=\"elementor-column-wrap elementor-element-populated\">\n\t\t\t\t\t<div class=\"elementor-widget-wrap\">\n\t\t\t\t<div data-id=\"0084fd9\" class=\"elementor-element elementor-element-0084fd9 elementor-widget elementor-widget-heading\" data-element_type=\"heading.default\">\n\t\t\t\t<div class=\"elementor-widget-container\">\n\t\t\t<h2 class=\"elementor-heading-title elementor-size-default\">SOBRE A VITALLY<\/h2>\t\t<\/div>\n\t\t\t\t<\/div>\n\t\t\t\t<div data-id=\"1201b7e\" class=\"elementor-element elementor-element-1201b7e elementor-widget elementor-widget-divider\" data-element_type=\"divider.default\">\n\t\t\t\t<div class=\"elementor-widget-container\">\n\t\t\t\t\t<div class=\"elementor-divider\">\n\t\t\t<span class=\"elementor-divider-separator\"><\/span>\n\t\t<\/div>\n\t\t\t\t<\/div>\n\t\t\t\t<\/div>\n\t\t\t\t<div data-id=\"28b33c3\" class=\"elementor-element elementor-element-28b33c3 elementor-widget elementor-widget-text-editor\" data-element_type=\"text-editor.default\">\n\t\t\t\t<div class=\"elementor-widget-container\">\n\t\t\t\t\t<div class=\"elementor-text-editor elementor-clearfix\"><p>A empresa de Confec\u00e7\u00f5es VITALLY est\u00e1 instalada com sua F\u00e1brica em Apucarana, norte do Paran\u00e1.<\/p><p>Impulsionada pelo mercado promocional de brindes, empresas de propaganda e marketing, que demanda de novos produtos com uma freq\u00fc\u00eancia cada vez maior, atualiza constantemente seus profissionais para oferecer produtos diferenciados do mercado, pesquisando e desenvolvendo produtos a cada dia.<\/p><p>Est\u00e1 sempre atenta a todos os detalhes, desde a cria\u00e7\u00e3o, confec\u00e7\u00e3o, produ\u00e7\u00e3o, acabamento e entrega de cada produto produzido.O compromisso com a qualidade e pontualidade na entrega vem de parcerias com fornecedores, clientes, principalmente com os funcion\u00e1rios e colaboradores. Foram fatores determinantes para firmar-se definitivamente como uma empresa que agrega valor ao seu produto, inovando e respeitando a opini\u00e3o de todos.<\/p><p>Para diferenciar-se no mercado competitivo e global, efetua pesquisas constantes com rela\u00e7\u00e3o as tend\u00eancias de mercado nacional e internacional at\u00e9 ao acompanhamento integral do processo produtivo, utilizando m\u00e9todos de \u00faltima gera\u00e7\u00e3o e mat\u00e9rias primas de excelente qualidade.<\/p><p>Fabricando materiais promocionais para brindes de alta qualidade como Bon\u00e9s Promocionais, Camisetas Personalizadas, Jaquetas, Moletons, Bandanas, Jalecos, Aventais, Coletes, Porta CDs e DVDs, Chap\u00e9us, Abad\u00e1s, Linha Ecol\u00f3gica, entre outros brindes al\u00e9m de Camisas e Cal\u00e7as para uniformes, podendo ainda desenvolver produtos exclusivos e personalizados, com sua Logomarca ou nome, de acordo com as necessidades do cliente.<\/p><p>A freq\u00fcente busca em oferecer produtos que se destacam pela qualidade e confian\u00e7a, garante a presen\u00e7a de seus produtos em v\u00e1rios eventos e promo\u00e7\u00f5es em todo o pa\u00eds.<\/p><p>VITALLY, uma empresa moderna e arrojada e com muita vitalidade, que atua num mercado altamente competitivo e din\u00e2mico, e cada dia destaca-se mais por seus produtos e servi\u00e7os de alta qualidade e com pre\u00e7o a baixo custo.<\/p><\/div>\n\t\t\t\t<\/div>\n\t\t\t\t<\/div>\n\t\t\t\t\t\t<\/div>\n\t\t\t<\/div>\n\t\t<\/div>\n\t\t\t\t<div data-id=\"ddab4f0\" class=\"elementor-element elementor-element-ddab4f0 elementor-column elementor-col-50 elementor-inner-column\" data-element_type=\"column\">\n\t\t\t<div class=\"elementor-column-wrap\">\n\t\t\t\t\t<div class=\"elementor-widget-wrap\">\n\t\t\t\t\t\t<\/div>\n\t\t\t<\/div>\n\t\t<\/div>\n\t\t\t\t\t\t<\/div>\n\t\t\t<\/div>\n\t\t<\/section>\n\t\t\t\t\t\t<\/div>\n\t\t\t<\/div>\n\t\t<\/div>\n\t\t\t\t\t\t<\/div>\n\t\t\t<\/div>\n\t\t<\/section>\n\t\t\t\t<section data-id=\"9ddb1cb\" class=\"elementor-element elementor-element-9ddb1cb elementor-section-boxed elementor-section-height-default elementor-section-height-default elementor-section elementor-top-section\" data-element_type=\"section\">\n\t\t\t\t\t\t<div class=\"elementor-container elementor-column-gap-default\">\n\t\t\t\t<div class=\"elementor-row\">\n\t\t\t\t<div data-id=\"ac99928\" class=\"elementor-element elementor-element-ac99928 elementor-column elementor-col-100 elementor-top-column\" data-element_type=\"column\">\n\t\t\t<div class=\"elementor-column-wrap\">\n\t\t\t\t\t<div class=\"elementor-widget-wrap\">\n\t\t\t\t\t\t<\/div>\n\t\t\t<\/div>\n\t\t<\/div>\n\t\t\t\t\t\t<\/div>\n\t\t\t<\/div>\n\t\t<\/section>\n\t\t\t\t\t\t<\/div>\n\t\t\t<\/div>\n\t\t<\/div>\n\t\t","protected":false},"excerpt":{"rendered":"<p>SOBRE A VITALLY A empresa de Confec\u00e7\u00f5es VITALLY est\u00e1 instalada com sua F\u00e1brica em Apucarana, norte do Paran\u00e1. Impulsionada pelo mercado promocional de brindes, empresas de propaganda e marketing, que demanda de novos produtos com uma freq\u00fc\u00eancia cada vez maior, atualiza constantemente seus profissionais para oferecer produtos diferenciados do mercado, pesquisando e desenvolvendo produtos a [&hellip;]<\/p>\n","protected":false},"author":1,"featured_media":0,"parent":0,"menu_order":0,"comment_status":"closed","ping_status":"closed","template":"elementor_canvas","meta":{"footnotes":""},"class_list":["post-279","page","type-page","status-publish","hentry","entry","owp-thumbs-layout-vertical","owp-btn-normal","owp-tabs-layout-section","has-no-thumbnails"],"_links":{"self":[{"href":"https:\/\/vitallybones.com.br\/website\/wp-json\/wp\/v2\/pages\/279","targetHints":{"allow":["GET"]}}],"collection":[{"href":"https:\/\/vitallybones.com.br\/website\/wp-json\/wp\/v2\/pages"}],"about":[{"href":"https:\/\/vitallybones.com.br\/website\/wp-json\/wp\/v2\/types\/page"}],"author":[{"embeddable":true,"href":"https:\/\/vitallybones.com.br\/website\/wp-json\/wp\/v2\/users\/1"}],"replies":[{"embeddable":true,"href":"https:\/\/vitallybones.com.br\/website\/wp-json\/wp\/v2\/comments?post=279"}],"version-history":[{"count":0,"href":"https:\/\/vitallybones.com.br\/website\/wp-json\/wp\/v2\/pages\/279\/revisions"}],"wp:attachment":[{"href":"https:\/\/vitallybones.com.br\/website\/wp-json\/wp\/v2\/media?parent=279"}],"curies":[{"name":"wp","href":"https:\/\/api.w.org\/{rel}","templated":true}]}}